{"id":50,"date":"2018-11-28T07:37:15","date_gmt":"2018-11-28T07:37:15","guid":{"rendered":"https:\/\/tppone.com\/demo\/nuocgiat\/?page_id=50"},"modified":"2023-04-27T10:11:01","modified_gmt":"2023-04-27T03:11:01","slug":"gioi-thieu","status":"publish","type":"page","link":"https:\/\/vietbacfood.vn\/en\/gioi-thieu\/","title":{"rendered":"Gi\u1edbi thi\u1ec7u"},"content":{"rendered":"<div class=\"sub-title-center\"><b>V\u1ec0 CH\u00daNG T\u00d4I<\/b><\/div>\n<div class=\"content-center\">\n<div class=\"content-center-info\">\n<div class=\"aboutus-item-info\"><strong><br \/><\/strong>L\u1eddi \u0111\u1ea7u ti\u00ean,<strong>\u00a0C\u00f4ng ty TNHH rau qu\u1ea3 B\u00ecnh Minh Vi\u1ec7t Nam<\/strong>\u00a0xin \u0111\u01b0\u1ee3c g\u1eedi l\u1eddi ch\u00e0o tr\u00e2n tr\u1ecdng t\u1edbi to\u00e0n th\u1ec3 qu\u00fd kh\u00e1ch h\u00e0ng. Xin \u0111\u01b0\u1ee3c k\u00ednh ch\u00fac qu\u00fd kh\u00e1ch lu\u00f4n m\u1ea1nh kh\u1ecfe, may m\u1eafn v\u00e0 h\u1ea1nh ph\u00fac!<\/p>\n<div>\u00a0<\/div>\n<p><strong>Th\u01b0a qu\u00fd kh\u00e1ch!<\/strong><br \/><strong>C\u00f4ng ty TNHH rau qu\u1ea3 B\u00ecnh Minh Vi\u1ec7t Nam<\/strong>\u00a0l\u00e0 m\u1ed9t trong nh\u1eefng doanh nghi\u1ec7p s\u1ea3n xu\u1ea5t rau c\u1ee7a qu\u1ea3 &#8211; gia v\u1ecb th\u1ef1c ph\u1ea9m h\u00e0ng \u0111\u1ea7u khu v\u1ef1c mi\u1ec1n B\u1eafc Vi\u1ec7t Nam.\u00a0<br \/>L\u00e0 m\u1ed9t doanh nghi\u1ec7p m\u1edbi th\u00e0nh l\u1eadp, b\u1ec1 d\u00e0y c\u00f2n non tr\u1ebb so v\u1edbi c\u00e1c nh\u00e0 s\u1ea3n xu\u1ea5t gia v\u1ecb v\u00e0 rau c\u1ee7 qu\u1ea3 kh\u00e1c t\u1ea1i Vi\u1ec7t Nam. Tuy nhi\u00ean, \u0111\u01b0\u1ee3c s\u1ef1 \u1ee7ng h\u1ed9 c\u1ee7a qu\u00fd kh\u00e1ch h\u00e0ng, ch\u00fang t\u00f4i \u0111\u00e3 \u0111\u1ea1t \u0111\u01b0\u1ee3c m\u1ed9t s\u1ed1 th\u00e0nh c\u00f4ng nh\u1ea5t \u0111\u1ecbnh.\u00a0<\/p>\n<p>V\u1edbi h\u1ec7 th\u1ed1ng m\u00e1y m\u00f3c hi\u1ec7n \u0111\u1ea1i \u0111\u01b0\u1ee3c nh\u1eadp kh\u1ea9u t\u1eeb c\u00e1c n\u01b0\u1edbc t\u00e2n ti\u1ebfn tr\u00ean th\u1ebf gi\u1edbi nh\u01b0 H\u00e0n Qu\u1ed1c, \u0110\u00e0i Loan c\u00f9ng \u0111\u1ed9i ng\u0169 c\u00e1n b\u1ed9 k\u1ef9 s\u01b0 c\u00f3 b\u1ec1 d\u00e0y kinh nghi\u1ec7m l\u00e2u n\u0103m trong l\u0129nh v\u1ef1c ch\u1ebf bi\u1ebfn gia v\u1ecb th\u1ef1c ph\u1ea9m, S\u1ea3n l\u01b0\u1ee3ng m\u1ed7i n\u0103m c\u1ee7a C\u00f4ng ty ch\u00fang t\u00f4i l\u00ean \u0111\u1ebfn h\u00e0ng ch\u1ee5c ng\u00e0n t\u1ea5n.\u00a0<\/p>\n<p>C\u00e1c s\u1ea3n ph\u1ea9m c\u1ee7a Ch\u00fang t\u00f4i \u0111\u00e3 s\u1ea3n xu\u1ea5t:\u00a0<strong>T\u01b0\u01a1ng \u1edbt Vi\u1ec7t B\u1eafc, T\u01b0\u01a1ng \u1edbt ph\u1edf, T\u01b0\u01a1ng c\u00e0, T\u01b0\u01a1ng \u1edbt chua ng\u1ecdt, N\u01b0\u1edbc t\u01b0\u01a1ng, D\u1ea7u h\u00e0o<\/strong>,\u2026 v\u1edbi dung t\u00edch kh\u00e1c nhau \u0111\u1ec3 kh\u00e1ch h\u00e0ng c\u00f3 th\u1ec3 d\u1ec5 d\u00e0ng l\u1ef1a ch\u1ecdn nh\u01b0 chai 500ml, lo\u1ea1i 2l.<br \/>S\u1ea3n ph\u1ea9m c\u1ee7a ch\u00fang t\u00f4i cam k\u1ebft \u0111\u01b0\u1ee3c ch\u1ebf bi\u1ebfn t\u1eeb ngu\u1ed3n nguy\u00ean li\u1ec7u s\u1ea1ch n\u00ean cho ch\u1ea5t l\u01b0\u1ee3ng \u1ed5n \u0111\u1ecbnh.<\/p>\n<p><strong>Th\u1ecb tr\u01b0\u1eddng xu\u1ea5t kh\u1ea9u m\u1ee5c ti\u00eau h\u01b0\u1edbng t\u1edbi c\u1ee7a ch\u00fang t\u00f4i:\u00a0<\/strong><br \/>\uf02d Th\u1ecb tr\u01b0\u1eddng Nga, M\u1ef9, \u1ea4n \u0110\u1ed9, M\u00f4ng C\u1ed5.\u00a0<br \/>\uf02d Th\u1ecb tr\u01b0\u1eddng Ch\u00e2u \u00c1: Nh\u1eadt B\u1ea3n, H\u00e0n Qu\u1ed1c, Trung Qu\u1ed1c.<br \/>\uf02d Th\u1ecb tr\u01b0\u1eddng n\u1ed9i \u0111\u1ecba: V\u01b0\u01a1n t\u1edbi ph\u00e2n ph\u1ed1i s\u1ea3n ph\u1ea9m gia v\u1ecb to\u00e0n l\u00e3nh th\u1ed5 Vi\u1ec7t Nam v\u1edbi nh\u00e3n h\u00e0ng gia v\u1ecb th\u1ef1c ph\u1ea9m Vi\u1ec7t B\u1eafc. X\u00e2y d\u1ef1ng h\u1ec7 th\u1ed1ng nh\u00e0 ph\u00e2n ph\u1ed1i to\u00e0n qu\u1ed1c.<\/p>\n<p>V\u1edbi tri\u1ebft l\u00fd \u201cT\u1ea5t c\u1ea3 v\u00ec s\u1ee9c kh\u1ecfe C\u1ed9ng \u0111\u1ed3ng\u201d, Ch\u00fang t\u00f4i t\u1ef1 tin v\u00e0 mong mu\u1ed1n \u0111\u01b0\u1ee3c h\u1ee3p t\u00e1c v\u1edbi t\u1ea5t c\u1ea3 Qu\u00fd kh\u00e1ch h\u00e0ng, \u0111\u1ed1i t\u00e1c g\u1ea7n xa nh\u1eb1m \u0111\u01b0a th\u01b0\u01a1ng hi\u1ec7u \u00a0T\u01b0\u01a1ng \u1edbt Vi\u1ec7t B\u1eafc s\u1ebd l\u00e0 ng\u01b0\u1eddi b\u1ea1n kh\u00f4ng th\u1ec3 thi\u1ebfu c\u1ee7a m\u1ed7i b\u1ebfp Vi\u1ec7t.<br \/>Vi\u1ec7t B\u1eafc \u2013 H\u01b0\u01a1ng v\u1ecb chi\u1ebfn th\u1eafng!<\/p>\n<div><strong>M\u1ecdi th\u00f4ng tin chi ti\u1ebft xin vui l\u00f2ng li\u00ean h\u1ec7:<\/strong><\/div>\n<div><strong>C\u00d4NG TY TNHH RAU QU\u1ea2 B\u00ccNH MINH VI\u1ec6T NAM<\/strong><\/div>\n<div><strong>\u0110\u1ecba ch\u1ec9: <\/strong><a href=\"https:\/\/www.google.com\/maps\/place\/An+H%C6%B0ng,+An+D%C6%B0%C6%A1ng,+H%E1%BA%A3i+Ph%C3%B2ng,+Vi%E1%BB%87t+Nam\/@20.9070456,106.5677903,14z\/data=!3m1!4b1!4m6!3m5!1s0x314a791ea174f50f:0x461970c20cd54d0c!8m2!3d20.9036959!4d106.590819!16s%2Fg%2F11bbrgnr1v\">Th\u00f4n H\u1ea1, x\u00e3 An H\u01b0ng, huy\u1ec7n An D\u01b0\u01a1ng, tp H\u1ea3i Ph\u00f2ng<\/a><\/div>\n<div>\u0110i\u1ec7n tho\u1ea1i: 0313528323<\/div>\n<div>Email: rauquabinhminhvietnam@gmail.com<\/div>\n<div><strong>T\u1ea6M NH\u00ccN &#8211; S\u1ee8 M\u1ec6NH &#8211; GI\u00c1 TR\u1eca C\u1ed0T L\u00d5I<\/strong><\/p>\n<p><strong>* T\u1ea7m nh\u00ecn:\u00a0<\/strong>T\u1eadp th\u1ec3 c\u00e1n b\u1ed9 c\u00f4ng nh\u00e2n vi\u00ean th\u1ef1c \u00a0ph\u1ea9m Vi\u1ec7t B\u1eafc ph\u1ea5n \u0111\u1ea5u tr\u1edf th\u00e0nh th\u01b0\u01a1ng hi\u1ec7u cung c\u1ea5p th\u1ef1c ph\u1ea9m tin c\u1eady s\u1ed1 1 mi\u1ec1n B\u1eafc Vi\u1ec7t Nam v\u1ec1 h\u00e0ng gia v\u1ecb.<br \/><strong><br \/>* S\u1ee9 m\u1ec7nh:\u00a0<\/strong>Vi\u1ec7t B\u1eafc Food cam k\u1ebft cung c\u1ea5p nh\u1eefng s\u1ea3n ph\u1ea9m, th\u1ef1c ph\u1ea9m an to\u00e0n, nh\u1eb1m ch\u0103m s\u00f3c s\u1ee9c kh\u1ecfe c\u1ed9ng \u0111\u1ed3ng Vi\u1ec7t ng\u00e0y c\u00e0ng t\u1ed1t h\u01a1n.<\/p>\n<p><strong>* Gi\u00e1 tr\u1ecb c\u1ed1t l\u00f5i:<\/strong><br \/>&#8211; Trung th\u1ef1c;<br \/>&#8211; Tin c\u1eady;<br \/>&#8211; Tr\u00e1ch nhi\u1ec7m;<br \/>&#8211; Th\u00e2n thi\u1ec7n.<\/p>\n<\/div>\n<\/div>\n<\/div>\n<\/div>\n","protected":false},"excerpt":{"rendered":"<p>V\u1ec0 CH\u00daNG T\u00d4I L\u1eddi \u0111\u1ea7u ti\u00ean,\u00a0C\u00f4ng ty TNHH rau qu\u1ea3 B\u00ecnh Minh Vi\u1ec7t Nam\u00a0xin \u0111\u01b0\u1ee3c g\u1eedi l\u1eddi ch\u00e0o tr\u00e2n tr\u1ecdng t\u1edbi to\u00e0n th\u1ec3 qu\u00fd kh\u00e1ch h\u00e0ng. Xin \u0111\u01b0\u1ee3c k\u00ednh ch\u00fac qu\u00fd kh\u00e1ch lu\u00f4n m\u1ea1nh kh\u1ecfe, may m\u1eafn v\u00e0 h\u1ea1nh ph\u00fac! \u00a0 Th\u01b0a qu\u00fd kh\u00e1ch!C\u00f4ng ty TNHH rau qu\u1ea3 B\u00ecnh Minh Vi\u1ec7t Nam\u00a0l\u00e0 m\u1ed9t trong nh\u1eefng&#8230;<\/p>\n","protected":false},"author":1,"featured_media":0,"parent":0,"menu_order":0,"comment_status":"closed","ping_status":"closed","template":"page-right-sidebar.php","meta":{"footnotes":""},"class_list":["post-50","page","type-page","status-publish","hentry"],"_links":{"self":[{"href":"https:\/\/vietbacfood.vn\/en\/wp-json\/wp\/v2\/pages\/50"}],"collection":[{"href":"https:\/\/vietbacfood.vn\/en\/wp-json\/wp\/v2\/pages"}],"about":[{"href":"https:\/\/vietbacfood.vn\/en\/wp-json\/wp\/v2\/types\/page"}],"author":[{"embeddable":true,"href":"https:\/\/vietbacfood.vn\/en\/wp-json\/wp\/v2\/users\/1"}],"replies":[{"embeddable":true,"href":"https:\/\/vietbacfood.vn\/en\/wp-json\/wp\/v2\/comments?post=50"}],"version-history":[{"count":2,"href":"https:\/\/vietbacfood.vn\/en\/wp-json\/wp\/v2\/pages\/50\/revisions"}],"predecessor-version":[{"id":1169,"href":"https:\/\/vietbacfood.vn\/en\/wp-json\/wp\/v2\/pages\/50\/revisions\/1169"}],"wp:attachment":[{"href":"https:\/\/vietbacfood.vn\/en\/wp-json\/wp\/v2\/media?parent=50"}],"curies":[{"name":"wp","href":"https:\/\/api.w.org\/{rel}","templated":true}]}}