{"id":893,"date":"2020-06-29T09:05:15","date_gmt":"2020-06-29T02:05:15","guid":{"rendered":"http:\/\/vietbacfood.vn\/?page_id=893"},"modified":"2020-06-30T08:00:00","modified_gmt":"2020-06-30T01:00:00","slug":"tu-van-phat-trien-nong-nghiep-ung-dung-cong-nghe-cao","status":"publish","type":"page","link":"https:\/\/vietbacfood.vn\/en\/dich-vu\/tu-van-phat-trien-nong-nghiep-ung-dung-cong-nghe-cao\/","title":{"rendered":"T\u01b0 v\u1ea5n ph\u00e1t tri\u1ec3n n\u00f4ng nghi\u1ec7p \u1ee9ng d\u1ee5ng c\u00f4ng ngh\u1ec7 cao"},"content":{"rendered":"\t<section class=\"section\" id=\"section_1084174374\">\n\t\t<div class=\"bg section-bg fill bg-fill  bg-loaded\" >\n\n\t\t\t\n\t\t\t\n\t\t\t\n\n\t\t<\/div>\n\n\t\t\n\n\t\t<div class=\"section-content relative\">\n\t\t\t\n<div class=\"row\"  id=\"row-607072860\">\n\n\t<div id=\"col-65392397\" class=\"col medium-3 small-6 large-3\"  >\n\t\t\t\t<div class=\"col-inner\"  >\n\t\t\t\n\t\t\t\n\t<div class=\"box has-hover   has-hover box-text-bottom\" >\n\n\t\t<div class=\"box-image\" style=\"width:61%;\">\n\t\t\t\t\t\t<div class=\"\" >\n\t\t\t\t<img loading=\"lazy\" decoding=\"async\" width=\"142\" height=\"137\" src=\"https:\/\/vietbacfood.vn\/wp-content\/uploads\/2020\/06\/dich-vu-3.jpg\" class=\"attachment-original size-original\" alt=\"\" \/>\t\t\t\t\t\t\t\t\t\t\t<\/div>\n\t\t\t\t\t<\/div>\n\n\t\t<div class=\"box-text text-center\" >\n\t\t\t<div class=\"box-text-inner\">\n\t\t\t\t\n\t<div id=\"gap-1176747642\" class=\"gap-element clearfix\" style=\"display:block; height:auto;\">\n\t\t\n<style>\n#gap-1176747642 {\n  padding-top: 9px;\n}\n<\/style>\n\t<\/div>\n\t\n<p><strong>T\u01af V\u1ea4N PH\u00c1T TRI\u1ec2N N\u00d4NG NGHI\u1ec6P \u1ee8NG D\u1ee4NG C\u00d4NG NGH\u1ec6 CAO<\/strong><\/p>\n\t\t\t<\/div>\n\t\t<\/div>\n\t<\/div>\n\t\n\t\t<\/div>\n\t\t\t\t\t<\/div>\n\n\t\n\n\t<div id=\"col-2116594007\" class=\"col medium-3 small-6 large-3\"  >\n\t\t\t\t<div class=\"col-inner\"  >\n\t\t\t\n\t\t\t\n\t<div class=\"box has-hover   has-hover box-text-bottom\" >\n\n\t\t<div class=\"box-image\" style=\"width:61%;\">\n\t\t\t\t\t\t<div class=\"\" >\n\t\t\t\t<img loading=\"lazy\" decoding=\"async\" width=\"142\" height=\"137\" src=\"https:\/\/vietbacfood.vn\/wp-content\/uploads\/2020\/06\/dich-vu-4.jpg\" class=\"attachment-original size-original\" alt=\"\" \/>\t\t\t\t\t\t\t\t\t\t\t<\/div>\n\t\t\t\t\t<\/div>\n\n\t\t<div class=\"box-text text-center\" >\n\t\t\t<div class=\"box-text-inner\">\n\t\t\t\t\n\t<div id=\"gap-49020068\" class=\"gap-element clearfix\" style=\"display:block; height:auto;\">\n\t\t\n<style>\n#gap-49020068 {\n  padding-top: 9px;\n}\n<\/style>\n\t<\/div>\n\t\n<p><strong>CUNG C\u1ea4P GI\u1ed0NG C\u00c2Y TR\u1ed2NG, V\u1eacT T\u01af, THI\u1ebeT B\u1eca N\u00d4NG NGHI\u1ec6P<\/strong><\/p>\n\t\t\t<\/div>\n\t\t<\/div>\n\t<\/div>\n\t\n\t\t<\/div>\n\t\t\t\t\t<\/div>\n\n\t\n\n\t<div id=\"col-790847435\" class=\"col medium-3 small-6 large-3\"  >\n\t\t\t\t<div class=\"col-inner\"  >\n\t\t\t\n\t\t\t\n\t<div class=\"box has-hover   has-hover box-text-bottom\" >\n\n\t\t<div class=\"box-image\" style=\"width:61%;\">\n\t\t\t\t\t\t<div class=\"\" >\n\t\t\t\t<img loading=\"lazy\" decoding=\"async\" width=\"142\" height=\"137\" src=\"https:\/\/vietbacfood.vn\/wp-content\/uploads\/2020\/06\/dich-vu-2.jpg\" class=\"attachment-original size-original\" alt=\"\" \/>\t\t\t\t\t\t\t\t\t\t\t<\/div>\n\t\t\t\t\t<\/div>\n\n\t\t<div class=\"box-text text-center\" >\n\t\t\t<div class=\"box-text-inner\">\n\t\t\t\t\n\t<div id=\"gap-49777660\" class=\"gap-element clearfix\" style=\"display:block; height:auto;\">\n\t\t\n<style>\n#gap-49777660 {\n  padding-top: 9px;\n}\n<\/style>\n\t<\/div>\n\t\n<p><strong>CHUY\u1ec2N GIAO C\u00d4NG NGH\u1ec6 TR\u1ed2NG TR\u1eccT<\/strong><\/p>\n\t\t\t<\/div>\n\t\t<\/div>\n\t<\/div>\n\t\n\t\t<\/div>\n\t\t\t\t\t<\/div>\n\n\t\n\n\t<div id=\"col-1042033367\" class=\"col medium-3 small-6 large-3\"  >\n\t\t\t\t<div class=\"col-inner\"  >\n\t\t\t\n\t\t\t\n\t<div class=\"box has-hover   has-hover box-text-bottom\" >\n\n\t\t<div class=\"box-image\" style=\"width:61%;\">\n\t\t\t\t\t\t<div class=\"\" >\n\t\t\t\t<img loading=\"lazy\" decoding=\"async\" width=\"142\" height=\"137\" src=\"https:\/\/vietbacfood.vn\/wp-content\/uploads\/2020\/06\/dich-vu-1.jpg\" class=\"attachment-original size-original\" alt=\"\" \/>\t\t\t\t\t\t\t\t\t\t\t<\/div>\n\t\t\t\t\t<\/div>\n\n\t\t<div class=\"box-text text-center\" >\n\t\t\t<div class=\"box-text-inner\">\n\t\t\t\t\n\t<div id=\"gap-2126640978\" class=\"gap-element clearfix\" style=\"display:block; height:auto;\">\n\t\t\n<style>\n#gap-2126640978 {\n  padding-top: 9px;\n}\n<\/style>\n\t<\/div>\n\t\n<p><strong>DU L\u1ecaCH TRI TH\u1ee8C N\u00d4NG NGHI\u1ec6P<\/strong><\/p>\n\t\t\t<\/div>\n\t\t<\/div>\n\t<\/div>\n\t\n\t\t<\/div>\n\t\t\t\t\t<\/div>\n\n\t\n<\/div>\n\t\t<\/div>\n\n\t\t\n<style>\n#section_1084174374 {\n  padding-top: 30px;\n  padding-bottom: 30px;\n}\n<\/style>\n\t<\/section>\n\t\n\t<section class=\"section\" id=\"section_1729333254\">\n\t\t<div class=\"bg section-bg fill bg-fill  bg-loaded\" >\n\n\t\t\t\n\t\t\t\n\t\t\t\n\n\t\t<\/div>\n\n\t\t\n\n\t\t<div class=\"section-content relative\">\n\t\t\t\n<div class=\"row\"  id=\"row-581948286\">\n\n\t<div id=\"col-1950102875\" class=\"col small-12 large-12\"  >\n\t\t\t\t<div class=\"col-inner\"  >\n\t\t\t\n\t\t\t\n<p>V\u1edbi b\u1ec1 d\u00e0y kinh nghi\u1ec7m trong l\u0129nh v\u1ef1c th\u1ef1c h\u00e0nh s\u1ea3n xu\u1ea5t n\u00f4ng nghi\u1ec7p c\u00f4ng ngh\u1ec7 cao t\u1ea1i c\u00e1c qu\u1ed1c gia c\u00f3 n\u1ec1n n\u00f4ng nghi\u1ec7p ph\u00e1t tri\u1ec3n h\u00e0ng \u0111\u1ea7u th\u1ebf gi\u1edbi, \u0111\u1ed9i ng\u0169 chuy\u00ean gia c\u1ee7a Vi\u1ec7t B\u1eafc lu\u00f4n mong mu\u1ed1n \u0111\u01b0\u1ee3c chia s\u1ebb ki\u1ebfn th\u1ee9c v\u00e0 kinh nghi\u1ec7m c\u1ee7a m\u00ecnh th\u00f4ng qua c\u00f4ng t\u00e1c t\u01b0 v\u1ea5n tr\u1ef1c ti\u1ebfp cho m\u1ecdi \u0111\u1ed1i t\u01b0\u1ee3ng c\u00f3 \u0111\u1ecbnh h\u01b0\u1edbng x\u00e2y d\u1ef1ng v\u00e0 qu\u1ea3n l\u00fd trang tr\u1ea1i theo h\u01b0\u1edbng \u1ee9ng d\u1ee5ng c\u00f4ng ngh\u1ec7 cao.<\/p>\n\t\t<\/div>\n\t\t\t\t\t<\/div>\n\n\t\n<\/div>\n\t\t<\/div>\n\n\t\t\n<style>\n#section_1729333254 {\n  padding-top: 0px;\n  padding-bottom: 0px;\n}\n<\/style>\n\t<\/section>\n\t\n\t<section class=\"section\" id=\"section_755377115\">\n\t\t<div class=\"bg section-bg fill bg-fill  bg-loaded\" >\n\n\t\t\t\n\t\t\t\n\t\t\t\n\n\t\t<\/div>\n\n\t\t\n\n\t\t<div class=\"section-content relative\">\n\t\t\t\n<div class=\"row\"  id=\"row-1950461930\">\n\n\t<div id=\"col-646389004\" class=\"col medium-6 small-12 large-6\"  >\n\t\t\t\t<div class=\"col-inner\"  >\n\t\t\t\n\t\t\t\n\t<div class=\"img has-hover x md-x lg-x y md-y lg-y\" id=\"image_1341744115\">\n\t\t\t\t\t\t\t\t<div class=\"img-inner image-cover dark\" style=\"padding-top:56.25%;\">\n\t\t\t<img loading=\"lazy\" decoding=\"async\" width=\"936\" height=\"702\" src=\"https:\/\/vietbacfood.vn\/wp-content\/uploads\/2020\/06\/cay-ot.jpg\" class=\"attachment-large size-large\" alt=\"\" srcset=\"https:\/\/vietbacfood.vn\/wp-content\/uploads\/2020\/06\/cay-ot.jpg 936w, https:\/\/vietbacfood.vn\/wp-content\/uploads\/2020\/06\/cay-ot-300x225.jpg 300w, https:\/\/vietbacfood.vn\/wp-content\/uploads\/2020\/06\/cay-ot-768x576.jpg 768w, https:\/\/vietbacfood.vn\/wp-content\/uploads\/2020\/06\/cay-ot-600x450.jpg 600w\" sizes=\"(max-width: 936px) 100vw, 936px\" \/>\t\t\t\t\t\t\n\t\t\t\t\t<\/div>\n\t\t\t\t\t\t\t\t\n<style>\n#image_1341744115 {\n  width: 100%;\n}\n<\/style>\n\t<\/div>\n\t\n\t\t<\/div>\n\t\t\t\t\t<\/div>\n\n\t\n\n\t<div id=\"col-1736874196\" class=\"col medium-6 small-12 large-6\"  >\n\t\t\t\t<div class=\"col-inner\"  >\n\t\t\t\n\t\t\t\n\t<div class=\"img has-hover x md-x lg-x y md-y lg-y\" id=\"image_1723665095\">\n\t\t\t\t\t\t\t\t<div class=\"img-inner dark\" >\n\t\t\t<img loading=\"lazy\" decoding=\"async\" width=\"1200\" height=\"675\" src=\"https:\/\/vietbacfood.vn\/wp-content\/uploads\/2020\/06\/avavaav-ca-chua-1532683004-184-width640height480_schema_article.jpg\" class=\"attachment-original size-original\" alt=\"\" srcset=\"https:\/\/vietbacfood.vn\/wp-content\/uploads\/2020\/06\/avavaav-ca-chua-1532683004-184-width640height480_schema_article.jpg 1200w, https:\/\/vietbacfood.vn\/wp-content\/uploads\/2020\/06\/avavaav-ca-chua-1532683004-184-width640height480_schema_article-300x169.jpg 300w, https:\/\/vietbacfood.vn\/wp-content\/uploads\/2020\/06\/avavaav-ca-chua-1532683004-184-width640height480_schema_article-768x432.jpg 768w, https:\/\/vietbacfood.vn\/wp-content\/uploads\/2020\/06\/avavaav-ca-chua-1532683004-184-width640height480_schema_article-1024x576.jpg 1024w, https:\/\/vietbacfood.vn\/wp-content\/uploads\/2020\/06\/avavaav-ca-chua-1532683004-184-width640height480_schema_article-600x338.jpg 600w\" sizes=\"(max-width: 1200px) 100vw, 1200px\" \/>\t\t\t\t\t\t\n\t\t\t\t\t<\/div>\n\t\t\t\t\t\t\t\t\n<style>\n#image_1723665095 {\n  width: 100%;\n}\n<\/style>\n\t<\/div>\n\t\n\t\t<\/div>\n\t\t\t\t\t<\/div>\n\n\t\n<\/div>\n\t\t<\/div>\n\n\t\t\n<style>\n#section_755377115 {\n  padding-top: 0px;\n  padding-bottom: 0px;\n}\n<\/style>\n\t<\/section>\n\t\n","protected":false},"excerpt":{"rendered":"","protected":false},"author":1,"featured_media":0,"parent":804,"menu_order":0,"comment_status":"closed","ping_status":"closed","template":"","meta":{"footnotes":""},"class_list":["post-893","page","type-page","status-publish","hentry"],"_links":{"self":[{"href":"https:\/\/vietbacfood.vn\/en\/wp-json\/wp\/v2\/pages\/893"}],"collection":[{"href":"https:\/\/vietbacfood.vn\/en\/wp-json\/wp\/v2\/pages"}],"about":[{"href":"https:\/\/vietbacfood.vn\/en\/wp-json\/wp\/v2\/types\/page"}],"author":[{"embeddable":true,"href":"https:\/\/vietbacfood.vn\/en\/wp-json\/wp\/v2\/users\/1"}],"replies":[{"embeddable":true,"href":"https:\/\/vietbacfood.vn\/en\/wp-json\/wp\/v2\/comments?post=893"}],"version-history":[{"count":5,"href":"https:\/\/vietbacfood.vn\/en\/wp-json\/wp\/v2\/pages\/893\/revisions"}],"predecessor-version":[{"id":1011,"href":"https:\/\/vietbacfood.vn\/en\/wp-json\/wp\/v2\/pages\/893\/revisions\/1011"}],"up":[{"embeddable":true,"href":"https:\/\/vietbacfood.vn\/en\/wp-json\/wp\/v2\/pages\/804"}],"wp:attachment":[{"href":"https:\/\/vietbacfood.vn\/en\/wp-json\/wp\/v2\/media?parent=893"}],"curies":[{"name":"wp","href":"https:\/\/api.w.org\/{rel}","templated":true}]}}