{"id":897,"date":"2020-06-29T09:06:28","date_gmt":"2020-06-29T02:06:28","guid":{"rendered":"http:\/\/vietbacfood.vn\/?page_id=897"},"modified":"2020-06-30T08:09:59","modified_gmt":"2020-06-30T01:09:59","slug":"cung-cap-giong-cay-trong-vat-tu-thiet-bi-nong-nghiep","status":"publish","type":"page","link":"https:\/\/vietbacfood.vn\/en\/dich-vu\/cung-cap-giong-cay-trong-vat-tu-thiet-bi-nong-nghiep\/","title":{"rendered":"Cung c\u1ea5p gi\u1ed1ng c\u00e2y tr\u1ed3ng, v\u1eadt t\u01b0, thi\u1ebft b\u1ecb n\u00f4ng nghi\u1ec7p"},"content":{"rendered":"\t<section class=\"section\" id=\"section_952510245\">\n\t\t<div class=\"bg section-bg fill bg-fill  bg-loaded\" >\n\n\t\t\t\n\t\t\t\n\t\t\t\n\n\t\t<\/div>\n\n\t\t\n\n\t\t<div class=\"section-content relative\">\n\t\t\t\n<div class=\"row\"  id=\"row-734295576\">\n\n\t<div id=\"col-927900032\" class=\"col medium-3 small-6 large-3\"  >\n\t\t\t\t<div class=\"col-inner\"  >\n\t\t\t\n\t\t\t\n\t<div class=\"box has-hover   has-hover box-text-bottom\" >\n\n\t\t<div class=\"box-image\" style=\"width:61%;\">\n\t\t\t\t\t\t<div class=\"\" >\n\t\t\t\t<img loading=\"lazy\" decoding=\"async\" width=\"142\" height=\"137\" src=\"https:\/\/vietbacfood.vn\/wp-content\/uploads\/2020\/06\/dich-vu-3.jpg\" class=\"attachment-original size-original\" alt=\"\" \/>\t\t\t\t\t\t\t\t\t\t\t<\/div>\n\t\t\t\t\t<\/div>\n\n\t\t<div class=\"box-text text-center\" >\n\t\t\t<div class=\"box-text-inner\">\n\t\t\t\t\n\t<div id=\"gap-316425788\" class=\"gap-element clearfix\" style=\"display:block; height:auto;\">\n\t\t\n<style>\n#gap-316425788 {\n  padding-top: 9px;\n}\n<\/style>\n\t<\/div>\n\t\n<p><strong>T\u01af V\u1ea4N PH\u00c1T TRI\u1ec2N N\u00d4NG NGHI\u1ec6P \u1ee8NG D\u1ee4NG C\u00d4NG NGH\u1ec6 CAO<\/strong><\/p>\n\t\t\t<\/div>\n\t\t<\/div>\n\t<\/div>\n\t\n\t\t<\/div>\n\t\t\t\t\t<\/div>\n\n\t\n\n\t<div id=\"col-178179258\" class=\"col medium-3 small-6 large-3\"  >\n\t\t\t\t<div class=\"col-inner\"  >\n\t\t\t\n\t\t\t\n\t<div class=\"box has-hover   has-hover box-text-bottom\" >\n\n\t\t<div class=\"box-image\" style=\"width:61%;\">\n\t\t\t\t\t\t<div class=\"\" >\n\t\t\t\t<img loading=\"lazy\" decoding=\"async\" width=\"142\" height=\"137\" src=\"https:\/\/vietbacfood.vn\/wp-content\/uploads\/2020\/06\/dich-vu-4.jpg\" class=\"attachment-original size-original\" alt=\"\" \/>\t\t\t\t\t\t\t\t\t\t\t<\/div>\n\t\t\t\t\t<\/div>\n\n\t\t<div class=\"box-text text-center\" >\n\t\t\t<div class=\"box-text-inner\">\n\t\t\t\t\n\t<div id=\"gap-472847455\" class=\"gap-element clearfix\" style=\"display:block; height:auto;\">\n\t\t\n<style>\n#gap-472847455 {\n  padding-top: 9px;\n}\n<\/style>\n\t<\/div>\n\t\n<p><strong>CUNG C\u1ea4P GI\u1ed0NG C\u00c2Y TR\u1ed2NG, V\u1eacT T\u01af, THI\u1ebeT B\u1eca N\u00d4NG NGHI\u1ec6P<\/strong><\/p>\n\t\t\t<\/div>\n\t\t<\/div>\n\t<\/div>\n\t\n\t\t<\/div>\n\t\t\t\t\t<\/div>\n\n\t\n\n\t<div id=\"col-1499239280\" class=\"col medium-3 small-6 large-3\"  >\n\t\t\t\t<div class=\"col-inner\"  >\n\t\t\t\n\t\t\t\n\t<div class=\"box has-hover   has-hover box-text-bottom\" >\n\n\t\t<div class=\"box-image\" style=\"width:61%;\">\n\t\t\t\t\t\t<div class=\"\" >\n\t\t\t\t<img loading=\"lazy\" decoding=\"async\" width=\"142\" height=\"137\" src=\"https:\/\/vietbacfood.vn\/wp-content\/uploads\/2020\/06\/dich-vu-2.jpg\" class=\"attachment-original size-original\" alt=\"\" \/>\t\t\t\t\t\t\t\t\t\t\t<\/div>\n\t\t\t\t\t<\/div>\n\n\t\t<div class=\"box-text text-center\" >\n\t\t\t<div class=\"box-text-inner\">\n\t\t\t\t\n\t<div id=\"gap-905658729\" class=\"gap-element clearfix\" style=\"display:block; height:auto;\">\n\t\t\n<style>\n#gap-905658729 {\n  padding-top: 9px;\n}\n<\/style>\n\t<\/div>\n\t\n<p><strong>CHUY\u1ec2N GIAO C\u00d4NG NGH\u1ec6 TR\u1ed2NG TR\u1eccT<\/strong><\/p>\n\t\t\t<\/div>\n\t\t<\/div>\n\t<\/div>\n\t\n\t\t<\/div>\n\t\t\t\t\t<\/div>\n\n\t\n\n\t<div id=\"col-1200359398\" class=\"col medium-3 small-6 large-3\"  >\n\t\t\t\t<div class=\"col-inner\"  >\n\t\t\t\n\t\t\t\n\t<div class=\"box has-hover   has-hover box-text-bottom\" >\n\n\t\t<div class=\"box-image\" style=\"width:61%;\">\n\t\t\t\t\t\t<div class=\"\" >\n\t\t\t\t<img loading=\"lazy\" decoding=\"async\" width=\"142\" height=\"137\" src=\"https:\/\/vietbacfood.vn\/wp-content\/uploads\/2020\/06\/dich-vu-1.jpg\" class=\"attachment-original size-original\" alt=\"\" \/>\t\t\t\t\t\t\t\t\t\t\t<\/div>\n\t\t\t\t\t<\/div>\n\n\t\t<div class=\"box-text text-center\" >\n\t\t\t<div class=\"box-text-inner\">\n\t\t\t\t\n\t<div id=\"gap-533738920\" class=\"gap-element clearfix\" style=\"display:block; height:auto;\">\n\t\t\n<style>\n#gap-533738920 {\n  padding-top: 9px;\n}\n<\/style>\n\t<\/div>\n\t\n<p><strong>DU L\u1ecaCH TRI TH\u1ee8C N\u00d4NG NGHI\u1ec6P<\/strong><\/p>\n\t\t\t<\/div>\n\t\t<\/div>\n\t<\/div>\n\t\n\t\t<\/div>\n\t\t\t\t\t<\/div>\n\n\t\n<\/div>\n\t\t<\/div>\n\n\t\t\n<style>\n#section_952510245 {\n  padding-top: 30px;\n  padding-bottom: 30px;\n}\n<\/style>\n\t<\/section>\n\t\n\t<section class=\"section\" id=\"section_619705684\">\n\t\t<div class=\"bg section-bg fill bg-fill  bg-loaded\" >\n\n\t\t\t\n\t\t\t\n\t\t\t\n\n\t\t<\/div>\n\n\t\t\n\n\t\t<div class=\"section-content relative\">\n\t\t\t\n<div class=\"row\"  id=\"row-1144317611\">\n\n\t<div id=\"col-928856088\" class=\"col small-12 large-12\"  >\n\t\t\t\t<div class=\"col-inner\"  >\n\t\t\t\n\t\t\t\n<p>V\u1edbi mong mu\u1ed1n h\u1ed7 tr\u1ee3 ng\u01b0\u1eddi n\u00f4ng d\u00e2n Vi\u1ec7t trong vi\u1ec7c ch\u1ecdn l\u1ef1a chu\u1ea9n x\u00e1c c\u00e1c y\u1ebfu t\u1ed1 \u0111\u1ea7u, Vi\u1ec7t B\u1eafc c\u00f9ng v\u1edbi c\u00f4ng ty th\u00e0nh vi\u00ean c\u1ee7a m\u00ecnh l\u00e0 c\u00f4ng ty c\u1ed5 ph\u1ea7n v\u1eadt t\u01b0 n\u00f4ng nghi\u1ec7p B\u00ecnh D\u01b0\u01a1ng (Binh Duong A.M.C) gi\u1edbi thi\u1ec7u v\u00e0 t\u1ed5 ch\u1ee9c cung \u1ee9ng nh\u1eefng lo\u1ea1i gi\u1ed1ng c\u00e2y tr\u1ed3ng, v\u1eadt t\u01b0, thi\u1ebft b\u1ecb n\u00f4ng nghi\u1ec7p \u0111\u00e3 \u0111\u01b0\u1ee3c ch\u00fang t\u00f4i \u1ee9ng d\u1ee5ng th\u00e0nh c\u00f4ng tr\u00ean nh\u1eefng lo\u1ea1i c\u00e2y tr\u1ed3ng c\u1ee7a Vi\u1ec7t B\u1eafc c\u0169ng nh\u01b0 nhi\u1ec1u v\u00f9ng n\u00f4ng nghi\u1ec7p kh\u00e1c tr\u00ean c\u1ea3 n\u01b0\u1edbc.<\/p>\n\t\t<\/div>\n\t\t\t\t\t<\/div>\n\n\t\n<\/div>\n\t\t<\/div>\n\n\t\t\n<style>\n#section_619705684 {\n  padding-top: 0px;\n  padding-bottom: 0px;\n}\n<\/style>\n\t<\/section>\n\t\n\t<section class=\"section\" id=\"section_1442901055\">\n\t\t<div class=\"bg section-bg fill bg-fill  bg-loaded\" >\n\n\t\t\t\n\t\t\t\n\t\t\t\n\n\t\t<\/div>\n\n\t\t\n\n\t\t<div class=\"section-content relative\">\n\t\t\t\n<div class=\"row\"  id=\"row-1019241858\">\n\n\t<div id=\"col-373350247\" class=\"col medium-6 small-12 large-6\"  >\n\t\t\t\t<div class=\"col-inner\"  >\n\t\t\t\n\t\t\t\n\t<div class=\"img has-hover x md-x lg-x y md-y lg-y\" id=\"image_1997475916\">\n\t\t\t\t\t\t\t\t<div class=\"img-inner image-cover dark\" style=\"padding-top:56.25%;\">\n\t\t\t<img loading=\"lazy\" decoding=\"async\" width=\"1024\" height=\"819\" src=\"https:\/\/vietbacfood.vn\/wp-content\/uploads\/2020\/06\/Chua-benh-tri-bang-toi-1024x819.jpeg\" class=\"attachment-original size-original\" alt=\"\" srcset=\"https:\/\/vietbacfood.vn\/wp-content\/uploads\/2020\/06\/Chua-benh-tri-bang-toi-1024x819.jpeg 1024w, https:\/\/vietbacfood.vn\/wp-content\/uploads\/2020\/06\/Chua-benh-tri-bang-toi-1024x819-300x240.jpeg 300w, https:\/\/vietbacfood.vn\/wp-content\/uploads\/2020\/06\/Chua-benh-tri-bang-toi-1024x819-768x614.jpeg 768w, https:\/\/vietbacfood.vn\/wp-content\/uploads\/2020\/06\/Chua-benh-tri-bang-toi-1024x819-600x480.jpeg 600w\" sizes=\"(max-width: 1024px) 100vw, 1024px\" \/>\t\t\t\t\t\t\n\t\t\t\t\t<\/div>\n\t\t\t\t\t\t\t\t\n<style>\n#image_1997475916 {\n  width: 100%;\n}\n<\/style>\n\t<\/div>\n\t\n\t\t<\/div>\n\t\t\t\t\t<\/div>\n\n\t\n\n\t<div id=\"col-244578531\" class=\"col medium-6 small-12 large-6\"  >\n\t\t\t\t<div class=\"col-inner\"  >\n\t\t\t\n\t\t\t\n\t<div class=\"img has-hover x md-x lg-x y md-y lg-y\" id=\"image_1244515554\">\n\t\t\t\t\t\t\t\t<div class=\"img-inner image-cover dark\" style=\"padding-top:56.25%;\">\n\t\t\t<img loading=\"lazy\" decoding=\"async\" width=\"512\" height=\"282\" src=\"https:\/\/vietbacfood.vn\/wp-content\/uploads\/2020\/06\/unnamed-1.jpg\" class=\"attachment-original size-original\" alt=\"\" srcset=\"https:\/\/vietbacfood.vn\/wp-content\/uploads\/2020\/06\/unnamed-1.jpg 512w, https:\/\/vietbacfood.vn\/wp-content\/uploads\/2020\/06\/unnamed-1-300x165.jpg 300w\" sizes=\"(max-width: 512px) 100vw, 512px\" \/>\t\t\t\t\t\t\n\t\t\t\t\t<\/div>\n\t\t\t\t\t\t\t\t\n<style>\n#image_1244515554 {\n  width: 100%;\n}\n<\/style>\n\t<\/div>\n\t\n\t\t<\/div>\n\t\t\t\t\t<\/div>\n\n\t\n<\/div>\n\t\t<\/div>\n\n\t\t\n<style>\n#section_1442901055 {\n  padding-top: 0px;\n  padding-bottom: 0px;\n}\n<\/style>\n\t<\/section>\n\t\n","protected":false},"excerpt":{"rendered":"","protected":false},"author":1,"featured_media":0,"parent":804,"menu_order":0,"comment_status":"closed","ping_status":"closed","template":"","meta":{"footnotes":""},"class_list":["post-897","page","type-page","status-publish","hentry"],"_links":{"self":[{"href":"https:\/\/vietbacfood.vn\/en\/wp-json\/wp\/v2\/pages\/897"}],"collection":[{"href":"https:\/\/vietbacfood.vn\/en\/wp-json\/wp\/v2\/pages"}],"about":[{"href":"https:\/\/vietbacfood.vn\/en\/wp-json\/wp\/v2\/types\/page"}],"author":[{"embeddable":true,"href":"https:\/\/vietbacfood.vn\/en\/wp-json\/wp\/v2\/users\/1"}],"replies":[{"embeddable":true,"href":"https:\/\/vietbacfood.vn\/en\/wp-json\/wp\/v2\/comments?post=897"}],"version-history":[{"count":5,"href":"https:\/\/vietbacfood.vn\/en\/wp-json\/wp\/v2\/pages\/897\/revisions"}],"predecessor-version":[{"id":1014,"href":"https:\/\/vietbacfood.vn\/en\/wp-json\/wp\/v2\/pages\/897\/revisions\/1014"}],"up":[{"embeddable":true,"href":"https:\/\/vietbacfood.vn\/en\/wp-json\/wp\/v2\/pages\/804"}],"wp:attachment":[{"href":"https:\/\/vietbacfood.vn\/en\/wp-json\/wp\/v2\/media?parent=897"}],"curies":[{"name":"wp","href":"https:\/\/api.w.org\/{rel}","templated":true}]}}