{"id":580,"date":"2020-06-16T08:22:38","date_gmt":"2020-06-16T01:22:38","guid":{"rendered":"http:\/\/vietbacfood.vn\/?post_type=product&#038;p=580"},"modified":"2025-12-01T12:31:35","modified_gmt":"2025-12-01T05:31:35","slug":"tuong-ot-pho-2l","status":"publish","type":"product","link":"https:\/\/vietbacfood.vn\/en\/san-pham\/tuong-ot-pho-2l\/","title":{"rendered":"T\u01af\u01a0NG \u1edaT PH\u1ede 2L"},"content":{"rendered":"<p><strong>C\u00f4ng ty TNHH Rau qu\u1ea3 B\u00ecnh Minh Vi\u1ec7t Nam<\/strong>\u00a0l\u00e0 m\u1ed9t trong nh\u1eefng doanh nghi\u1ec7p s\u1ea3n xu\u1ea5t ch\u1ebf bi\u1ebfn rau c\u1ee7 qu\u1ea3; gia v\u1ecb th\u1ef1c ph\u1ea9m \u1edf khu v\u1ef1c \u00a0ph\u00eda B\u1eafc Vi\u1ec7t Nam. S\u1ea3n l\u01b0\u1ee3ng m\u1ed7i n\u0103m h\u00e0ng ch\u1ee5c ng\u00e0n t\u1ea5n.<br \/>\n<strong>C\u00f4ng ty TNHH Rau qu\u1ea3 B\u00ecnh Minh Vi\u1ec7t Nam<\/strong>\u00a0l\u00e0 m\u1ed9t trong nh\u1eefng doanh nghi\u1ec7p s\u1ea3n xu\u1ea5t ch\u1ebf bi\u1ebfn rau c\u1ee7 qu\u1ea3; gia v\u1ecb th\u1ef1c ph\u1ea9m \u1edf khu v\u1ef1c \u00a0ph\u00eda B\u1eafc Vi\u1ec7t Nam. S\u1ea3n l\u01b0\u1ee3ng m\u1ed7i n\u0103m h\u00e0ng ch\u1ee5c ng\u00e0n t\u1ea5n.<\/p>\n<p>Th\u1ecb tr\u01b0\u1eddng xu\u1ea5t kh\u1ea9u m\u1ee5c ti\u00eau h\u01b0\u1edbng t\u1edbi l\u00e0: Th\u1ecb tr\u01b0\u1eddng Nga, M\u1ef9, \u1ea4n \u0110\u1ed9, M\u00f4ng C\u1ed5.<br \/>\nTh\u1ecb tr\u01b0\u1eddng Ch\u00e2u \u00c1: Nh\u1eadt B\u1ea3n, H\u00e0n Qu\u1ed1c, Trung Qu\u1ed1c.<br \/>\nTh\u1ecb tr\u01b0\u1eddng n\u1ed9i \u0111\u1ecba: v\u01b0\u01a1n t\u1edbi ph\u00e2n ph\u1ed1i s\u1ea3n ph\u1ea9m gi v\u1ecb to\u00e0n l\u00e3nh th\u1ed5 Vi\u1ec7t Nam v\u1edbi nh\u00e3n h\u00e0ng gia v\u1ecb th\u1ef1c ph\u1ea9m Vi\u1ec7t B\u1eafc. X\u00e2y d\u1ef1ng h\u1ec7 th\u1ed1ng nh\u00e0 ph\u00e2n ph\u1ed1i to\u00e0n qu\u1ed1c.<br \/>\n<strong><br \/>\nC\u00f4ng ty TNHH Rau qu\u1ea3 B\u00ecnh Minh Vi\u1ec7t Nam<\/strong>\u00a0\u0111\u01b0\u1ee3c trang b\u1ecb h\u1ec7 th\u1ed1ng m\u00e1y m\u00f3c hi\u1ec7n \u0111\u1ea1i c\u1ee7a H\u00e0n Qu\u1ed1c, \u0110\u00e0i Loan v\u00e0 c\u00f3 l\u1ef1c l\u01b0\u1ee3ng c\u00e1n b\u1ed9 k\u1ef9 s\u01b0 c\u00f3 b\u1ec1 d\u00e0y kinh nghi\u1ec7m trong ch\u1ebf bi\u1ebfn gia v\u1ecb th\u1ef1c ph\u1ea9m.<\/p>\n<p><strong>M\u1ecdi chi ti\u1ebft xin li\u00ean h\u1ec7:<\/strong><\/p>\n<div class=\"sanpham-footer-content\"><strong>CTY TNHH RAU QU\u1ea2 B\u00ccNH MINH VI\u1ec6T NAM<\/strong><br \/>\n\u0110\u1ecba ch\u1ec9: S\u1ed1 38 An Ch\u00e2n, ph\u01b0\u1eddng S\u1edf D\u1ea7u, Qu\u1eadn H\u1ed3ng B\u00e0ng, TP H\u1ea3i Ph\u00f2ng<br \/>\n\u0110i\u1ec7n tho\u1ea1i: 02253. 528 323 &#8211; Fax: 02253.\u00a0528 323<br \/>\nEmail: rauquabinhminhvietnam@gmail.com<br \/>\n<strong>Ch\u0103m s\u00f3c kh\u00e1ch h\u00e0ng: 1800 58 58 81<\/strong><\/div>\n","protected":false},"excerpt":{"rendered":"<p>C\u00f4ng ty TNHH Rau qu\u1ea3 B\u00ecnh Minh Vi\u1ec7t Nam\u00a0l\u00e0 m\u1ed9t trong nh\u1eefng doanh nghi\u1ec7p s\u1ea3n xu\u1ea5t ch\u1ebf bi\u1ebfn rau c\u1ee7 qu\u1ea3; gia v\u1ecb th\u1ef1c ph\u1ea9m \u1edf khu v\u1ef1c \u00a0ph\u00eda B\u1eafc Vi\u1ec7t Nam. S\u1ea3n l\u01b0\u1ee3ng m\u1ed7i n\u0103m h\u00e0ng ch\u1ee5c ng\u00e0n t\u1ea5n. C\u00f4ng ty TNHH Rau qu\u1ea3 B\u00ecnh Minh Vi\u1ec7t Nam\u00a0l\u00e0 m\u1ed9t trong nh\u1eefng doanh nghi\u1ec7p s\u1ea3n&#8230;<\/p>\n","protected":false},"featured_media":1142,"comment_status":"open","ping_status":"closed","template":"","meta":[],"product_cat":[18,22],"product_tag":[],"class_list":{"0":"post-580","1":"product","2":"type-product","3":"status-publish","4":"has-post-thumbnail","6":"product_cat-san-pham","7":"product_cat-tuong-ot","9":"first","10":"instock","11":"shipping-taxable","12":"product-type-simple"},"_links":{"self":[{"href":"https:\/\/vietbacfood.vn\/en\/wp-json\/wp\/v2\/product\/580"}],"collection":[{"href":"https:\/\/vietbacfood.vn\/en\/wp-json\/wp\/v2\/product"}],"about":[{"href":"https:\/\/vietbacfood.vn\/en\/wp-json\/wp\/v2\/types\/product"}],"replies":[{"embeddable":true,"href":"https:\/\/vietbacfood.vn\/en\/wp-json\/wp\/v2\/comments?post=580"}],"wp:featuredmedia":[{"embeddable":true,"href":"https:\/\/vietbacfood.vn\/en\/wp-json\/wp\/v2\/media\/1142"}],"wp:attachment":[{"href":"https:\/\/vietbacfood.vn\/en\/wp-json\/wp\/v2\/media?parent=580"}],"wp:term":[{"taxonomy":"product_cat","embeddable":true,"href":"https:\/\/vietbacfood.vn\/en\/wp-json\/wp\/v2\/product_cat?post=580"},{"taxonomy":"product_tag","embeddable":true,"href":"https:\/\/vietbacfood.vn\/en\/wp-json\/wp\/v2\/product_tag?post=580"}],"curies":[{"name":"wp","href":"https:\/\/api.w.org\/{rel}","templated":true}]}}